{"id":6,"date":"2018-11-26T12:29:10","date_gmt":"2018-11-26T11:29:10","guid":{"rendered":"https:\/\/sessad87apf.wordpress.com\/?page_id=2"},"modified":"2019-10-22T16:44:19","modified_gmt":"2019-10-22T14:44:19","slug":"a-propos","status":"publish","type":"page","link":"https:\/\/sessad87apf.fr\/index.php\/a-propos\/","title":{"rendered":"Pr\u00e9sentation"},"content":{"rendered":"\n<p>SESSAD = Service d&rsquo;\u00c9ducation Sp\u00e9ciale et de Soins A Domicile<\/p>\n\n\n\n<h2 class=\"wp-block-heading\">Le SESSAD APF France handicap 87, pour qui ?<\/h2>\n\n\n\n<p>Pour des enfants et adolescents, de la naissance \u00e0 20 ans, pr\u00e9sentant une d\u00e9ficience motrice.<\/p>\n\n\n\n<h2 class=\"wp-block-heading\">Comment fonctionne le SESSAD ?<\/h2>\n\n\n\n<p>Le SESSAD de LIMOGES propose un accompagnement par une \u00e9quipe pluridisciplinaire permettant \u00e0 l&rsquo;enfant de b\u00e9n\u00e9ficier de diff\u00e9rentes interventions \u00e9ducatives et th\u00e9rapeutiques. <\/p>\n\n\n\n<p>Un soutien et un accompagnement personnalis\u00e9 sont propos\u00e9s \u00e0 l&rsquo;enfant et sa famille.<\/p>\n\n\n\n<p>L&rsquo;\u00e9quipe est compos\u00e9e  de :<br><\/p>\n\n\n\n<ul class=\"wp-block-list\"><li>M\u00e9decin sp\u00e9cialiste (m\u00e9decine physique et r\u00e9adaptation)<\/li><li>\u00c9ducateurs&nbsp;sp\u00e9cialis\u00e9s<\/li><li>Masseurs-kin\u00e9sith\u00e9rapeutes<\/li><li>Ergoth\u00e9rapeutes<\/li><li>Psychomotriciens<\/li><li>Orthophonistes<\/li><li>Psychologues<\/li><li>Assistante&nbsp;sociale<\/li><\/ul>\n\n\n\n<p>En lien avec la famille, le SESSAD encourage et stimule les potentialit\u00e9s de l&rsquo;enfant, l&rsquo;aide \u00e0 d\u00e9velopper des compensations et \u00e0 vivre avec son handicap.<\/p>\n\n\n\n<p>Il travaille en collaboration avec les parents et l&rsquo;ensemble des professionnels accompagnant l&rsquo;enfant : enseignants, m\u00e9decins, professionnels lib\u00e9raux, services sp\u00e9cialis\u00e9s, etc.<\/p>\n\n\n\n<h2 class=\"wp-block-heading\">Nos lieux d&rsquo;interventions<\/h2>\n\n\n\n<p>L&rsquo;\u00e9quipe pluridisciplinaire intervient sur tout le d\u00e9partement de la Haute-Vienne sur les lieux de vie et d&rsquo;activit\u00e9s de l&rsquo;enfant : domicile, assistante maternelle, \u00e9tablissement scolaire&#8230;<\/p>\n\n\n\n<h2 class=\"wp-block-heading\">Comment faire ?<\/h2>\n\n\n\n<p>Les parents ou responsables l\u00e9gaux font une demande aupr\u00e8s de la <strong><span style=\"color:#00526A;\">M<\/span><\/strong>aison <strong><span style=\"color:#00526A;\">D<\/span><\/strong>\u00e9partementale des <strong><span style=\"color:#00526A;\">P<\/span><\/strong>ersonnes <strong><span style=\"color:#00526A;\">H<\/span><\/strong>andicap\u00e9es (M.D.P.H).<\/p>\n\n\n\n<p><strong><span style=\"text-decoration:underline;\">+ d&rsquo;infos<\/span><\/strong> : <a rel=\"noreferrer noopener\" aria-label=\"http:\/\/www.haute-vienne.fr\/mdph87.html (ouverture dans un nouvel onglet)\" href=\"http:\/\/www.haute-vienne.fr\/mdph87.html\" target=\"_blank\">http:\/\/www.haute-vienne.fr\/mdph87.html<\/a> ou au 05 55 14 14 50<\/p>\n\n\n\n<p>Ils auront un rendez-vous avec le directeur puis une consultation avec le m\u00e9decin du service. <\/p>\n\n\n\n<p>Lorsque la notification de d\u00e9cision oriente vers un SESSAD d\u00e9ficience motrice, les responsables l\u00e9gaux contactent le service.<\/p>\n","protected":false},"excerpt":{"rendered":"<p>SESSAD = Service d&rsquo;\u00c9ducation Sp\u00e9ciale et de Soins A Domicile Le SESSAD APF France handicap 87, pour qui ? Pour des enfants et adolescents, de la naissance \u00e0 20 ans, pr\u00e9sentant une d\u00e9ficience motrice. Comment fonctionne le SESSAD ? Le SESSAD de LIMOGES propose un accompagnement par une \u00e9quipe pluridisciplinaire permettant \u00e0 l&rsquo;enfant de b\u00e9n\u00e9ficier&hellip;&nbsp;<a href=\"https:\/\/sessad87apf.fr\/index.php\/a-propos\/\" class=\"\" rel=\"bookmark\">Lire la suite &raquo;<span class=\"screen-reader-text\">Pr\u00e9sentation<\/span><\/a><\/p>\n","protected":false},"author":1,"featured_media":0,"parent":0,"menu_order":1,"comment_status":"closed","ping_status":"closed","template":"","meta":{"neve_meta_sidebar":"default","neve_meta_container":"contained","neve_meta_enable_content_width":"off","neve_meta_content_width":70,"neve_meta_title_alignment":"","neve_meta_author_avatar":"","neve_post_elements_order":"","neve_meta_disable_header":"off","neve_meta_disable_footer":"off","neve_meta_disable_title":"off","footnotes":""},"class_list":["post-6","page","type-page","status-publish","hentry"],"jetpack_sharing_enabled":true,"jetpack_likes_enabled":true,"_links":{"self":[{"href":"https:\/\/sessad87apf.fr\/index.php\/wp-json\/wp\/v2\/pages\/6","targetHints":{"allow":["GET"]}}],"collection":[{"href":"https:\/\/sessad87apf.fr\/index.php\/wp-json\/wp\/v2\/pages"}],"about":[{"href":"https:\/\/sessad87apf.fr\/index.php\/wp-json\/wp\/v2\/types\/page"}],"author":[{"embeddable":true,"href":"https:\/\/sessad87apf.fr\/index.php\/wp-json\/wp\/v2\/users\/1"}],"replies":[{"embeddable":true,"href":"https:\/\/sessad87apf.fr\/index.php\/wp-json\/wp\/v2\/comments?post=6"}],"version-history":[{"count":6,"href":"https:\/\/sessad87apf.fr\/index.php\/wp-json\/wp\/v2\/pages\/6\/revisions"}],"predecessor-version":[{"id":1268,"href":"https:\/\/sessad87apf.fr\/index.php\/wp-json\/wp\/v2\/pages\/6\/revisions\/1268"}],"wp:attachment":[{"href":"https:\/\/sessad87apf.fr\/index.php\/wp-json\/wp\/v2\/media?parent=6"}],"curies":[{"name":"wp","href":"https:\/\/api.w.org\/{rel}","templated":true}]}}