{"id":519,"date":"2019-01-28T13:40:21","date_gmt":"2019-01-28T12:40:21","guid":{"rendered":"http:\/\/sessad87apf.fr\/?page_id=519"},"modified":"2019-10-22T16:40:56","modified_gmt":"2019-10-22T14:40:56","slug":"au-profit-dapf","status":"publish","type":"page","link":"https:\/\/sessad87apf.fr\/index.php\/au-profit-dapf\/","title":{"rendered":"Au profit d&rsquo;APF France handicap"},"content":{"rendered":"\n<p>Rendez-vous sur les pages d\u00e9di\u00e9es sur ce blog.<\/p>\n\n\n\n<h2 class=\"wp-block-heading\">Ventes textiles et objets<\/h2>\n\n\n\n<p>En Haute-Vienne, salari\u00e9s et b\u00e9n\u00e9voles accompagnent les personnes en situation de handicap pour le maintien ou le d\u00e9veloppement de leur vie sociale,les soins et l\u2019aide \u00e0 domicile, l\u2019acc\u00e8s aux loisirs, aux pratiques culturelles et sportives, aux vacances. Leur objectif est d\u2019instaurer le vivre ensemble pour ne laisser personne sur le bord de la route.<br><strong>Vos achats de textiles et d\u2019objets contribuent directement au financement de ces activit\u00e9s.<\/strong><\/p>\n\n\n\n<h2 class=\"wp-block-heading\">Recyclage<\/h2>\n\n\n\n<p>Recyclage d&#8217;emballages. D\u00e9p\u00f4t possible dans les locaux d&rsquo;APF France handicap, 1 Rue Marcel DEPREZ &#8211; 87000 LIMOGES.<\/p>\n","protected":false},"excerpt":{"rendered":"<p>Rendez-vous sur les pages d\u00e9di\u00e9es sur ce blog. Ventes textiles et objets En Haute-Vienne, salari\u00e9s et b\u00e9n\u00e9voles accompagnent les personnes en situation de handicap pour le maintien ou le d\u00e9veloppement de leur vie sociale,les soins et l\u2019aide \u00e0 domicile, l\u2019acc\u00e8s aux loisirs, aux pratiques culturelles et sportives, aux vacances. Leur objectif est d\u2019instaurer le vivre&hellip;&nbsp;<a href=\"https:\/\/sessad87apf.fr\/index.php\/au-profit-dapf\/\" class=\"\" rel=\"bookmark\">Lire la suite &raquo;<span class=\"screen-reader-text\">Au profit d&rsquo;APF France handicap<\/span><\/a><\/p>\n","protected":false},"author":1,"featured_media":0,"parent":0,"menu_order":0,"comment_status":"closed","ping_status":"closed","template":"","meta":{"neve_meta_sidebar":"default","neve_meta_container":"contained","neve_meta_enable_content_width":"off","neve_meta_content_width":70,"neve_meta_title_alignment":"","neve_meta_author_avatar":"","neve_post_elements_order":"","neve_meta_disable_header":"off","neve_meta_disable_footer":"off","neve_meta_disable_title":"off","footnotes":""},"class_list":["post-519","page","type-page","status-publish","hentry"],"jetpack_sharing_enabled":true,"jetpack_likes_enabled":true,"_links":{"self":[{"href":"https:\/\/sessad87apf.fr\/index.php\/wp-json\/wp\/v2\/pages\/519","targetHints":{"allow":["GET"]}}],"collection":[{"href":"https:\/\/sessad87apf.fr\/index.php\/wp-json\/wp\/v2\/pages"}],"about":[{"href":"https:\/\/sessad87apf.fr\/index.php\/wp-json\/wp\/v2\/types\/page"}],"author":[{"embeddable":true,"href":"https:\/\/sessad87apf.fr\/index.php\/wp-json\/wp\/v2\/users\/1"}],"replies":[{"embeddable":true,"href":"https:\/\/sessad87apf.fr\/index.php\/wp-json\/wp\/v2\/comments?post=519"}],"version-history":[{"count":6,"href":"https:\/\/sessad87apf.fr\/index.php\/wp-json\/wp\/v2\/pages\/519\/revisions"}],"predecessor-version":[{"id":1261,"href":"https:\/\/sessad87apf.fr\/index.php\/wp-json\/wp\/v2\/pages\/519\/revisions\/1261"}],"wp:attachment":[{"href":"https:\/\/sessad87apf.fr\/index.php\/wp-json\/wp\/v2\/media?parent=519"}],"curies":[{"name":"wp","href":"https:\/\/api.w.org\/{rel}","templated":true}]}}